


{"id":43,"date":"2021-05-04T11:00:06","date_gmt":"2021-05-04T09:00:06","guid":{"rendered":"https:\/\/preprod.editions-eni.fr\/blog\/?page_id=43"},"modified":"2026-03-26T14:06:06","modified_gmt":"2026-03-26T13:06:06","slug":"home","status":"publish","type":"page","link":"https:\/\/www.editions-eni.fr\/blog\/","title":{"rendered":"home"},"content":{"rendered":"<p>[et_pb_section fb_built=&#8221;1&#8243; admin_label=&#8221;Header&#8221; _builder_version=&#8221;4.16&#8243; use_background_color_gradient=&#8221;on&#8221; background_color_gradient_type=&#8221;circular&#8221; background_color_gradient_stops=&#8221;#004183 0%|#001f4c 100%&#8221; background_color_gradient_start=&#8221;#004183&#8243; background_color_gradient_end=&#8221;#001f4c&#8221; background_enable_image=&#8221;off&#8221; background_position=&#8221;bottom_center&#8221; custom_padding=&#8221;2vw||||false|false&#8221; locked=&#8221;off&#8221; global_colors_info=&#8221;{}&#8221;][et_pb_row column_structure=&#8221;1_4,3_4&#8243; disabled_on=&#8221;on|on|off&#8221; _builder_version=&#8221;4.16&#8243; z_index=&#8221;10&#8243; custom_padding=&#8221;||0px||false|false&#8221; global_colors_info=&#8221;{}&#8221; custom_css_main_element_last_edited=&#8221;off|desktop&#8221; custom_css_main_element_tablet=&#8221;display:flex;&#8221;][et_pb_column type=&#8221;1_4&#8243; _builder_version=&#8221;4.16&#8243; global_colors_info=&#8221;{}&#8221;][et_pb_image src=&#8221;https:\/\/www.editions-eni.fr\/blog\/wp-content\/uploads\/2021\/06\/eni_blog_logo2.png&#8221; alt=&#8221;ENI blog&#8221; title_text=&#8221;eni_blog_logo2&#8243; src_last_edited=&#8221;off|tablet&#8221; _builder_version=&#8221;4.16&#8243; _module_preset=&#8221;default&#8221; transform_scale_tablet=&#8221;50%|50%&#8221; transform_scale_last_edited=&#8221;off|tablet&#8221; transform_translate_last_edited=&#8221;off|tablet&#8221; transform_rotate_last_edited=&#8221;off|tablet&#8221; transform_skew_last_edited=&#8221;off|tablet&#8221; transform_origin_last_edited=&#8221;off|tablet&#8221; transform_styles_last_edited=&#8221;off|tablet&#8221; max_width=&#8221;70%&#8221; min_height_tablet=&#8221;&#8221; min_height_phone=&#8221;&#8221; min_height_last_edited=&#8221;on|desktop&#8221; global_colors_info=&#8221;{}&#8221;][\/et_pb_image][\/et_pb_column][et_pb_column type=&#8221;3_4&#8243; _builder_version=&#8221;4.16&#8243; global_colors_info=&#8221;{}&#8221;][et_pb_text _builder_version=&#8221;4.16&#8243; text_font=&#8221;||||||||&#8221; header_font=&#8221;Overpass|300|||||||&#8221; header_font_size=&#8221;46px&#8221; background_layout=&#8221;dark&#8221; custom_margin=&#8221;75px||||false|false&#8221; custom_margin_tablet=&#8221;0px||||false|false&#8221; custom_margin_phone=&#8221;&#8221; custom_margin_last_edited=&#8221;on|desktop&#8221; animation_style=&#8221;slide&#8221; animation_direction=&#8221;bottom&#8221; animation_intensity_slide=&#8221;10%&#8221; header_font_size_tablet=&#8221;36px&#8221; header_font_size_phone=&#8221;24px&#8221; header_font_size_last_edited=&#8221;on|phone&#8221; locked=&#8221;off&#8221; global_colors_info=&#8221;{}&#8221;]<\/p>\n<h1>Toute la veille num\u00e9rique !<\/h1>\n<p>[\/et_pb_text][\/et_pb_column][\/et_pb_row][et_pb_row disabled_on=&#8221;off|off|on&#8221; _builder_version=&#8221;4.16&#8243; z_index=&#8221;10&#8243; custom_padding=&#8221;||0px||false|false&#8221; global_colors_info=&#8221;{}&#8221; custom_css_main_element_last_edited=&#8221;off|desktop&#8221; custom_css_main_element_tablet=&#8221;display:flex;&#8221;][et_pb_column type=&#8221;4_4&#8243; _builder_version=&#8221;4.16&#8243; global_colors_info=&#8221;{}&#8221;][et_pb_image src=&#8221;https:\/\/www.editions-eni.fr\/blog\/wp-content\/uploads\/2021\/06\/eni_blog_logo2.png&#8221; alt=&#8221;ENI blog&#8221; title_text=&#8221;eni_blog_logo2&#8243; src_last_edited=&#8221;off|tablet&#8221; _builder_version=&#8221;4.16&#8243; _module_preset=&#8221;default&#8221; transform_scale_tablet=&#8221;50%|50%&#8221; transform_scale_last_edited=&#8221;off|tablet&#8221; transform_translate_last_edited=&#8221;off|tablet&#8221; transform_rotate_last_edited=&#8221;off|tablet&#8221; transform_skew_last_edited=&#8221;off|tablet&#8221; transform_origin_last_edited=&#8221;off|tablet&#8221; transform_styles_last_edited=&#8221;off|tablet&#8221; width_tablet=&#8221;30%&#8221; width_phone=&#8221;&#8221; width_last_edited=&#8221;on|phone&#8221; module_alignment=&#8221;center&#8221; min_height_tablet=&#8221;&#8221; min_height_phone=&#8221;&#8221; min_height_last_edited=&#8221;on|tablet&#8221; global_colors_info=&#8221;{}&#8221;][\/et_pb_image][et_pb_text _builder_version=&#8221;4.16&#8243; text_font=&#8221;||||||||&#8221; header_font=&#8221;Overpass|300|||||||&#8221; header_font_size=&#8221;46px&#8221; background_layout=&#8221;dark&#8221; custom_margin=&#8221;80px||||false|false&#8221; custom_margin_tablet=&#8221;0px||||false|false&#8221; custom_margin_phone=&#8221;&#8221; custom_margin_last_edited=&#8221;on|tablet&#8221; animation_style=&#8221;slide&#8221; animation_direction=&#8221;bottom&#8221; animation_intensity_slide=&#8221;10%&#8221; header_font_size_tablet=&#8221;36px&#8221; header_font_size_phone=&#8221;20px&#8221; header_font_size_last_edited=&#8221;on|phone&#8221; locked=&#8221;off&#8221; global_colors_info=&#8221;{}&#8221;]<\/p>\n<h1 style=\"text-align: center;\">Toute la veille num\u00e9rique !<\/h1>\n<p>[\/et_pb_text][\/et_pb_column][\/et_pb_row][et_pb_row module_id=&#8221;lescategories-menu&#8221; _builder_version=&#8221;4.16&#8243; _module_preset=&#8221;default&#8221; global_colors_info=&#8221;{}&#8221;][et_pb_column type=&#8221;4_4&#8243; _builder_version=&#8221;4.16&#8243; _module_preset=&#8221;default&#8221; global_colors_info=&#8221;{}&#8221;][et_pb_menu menu_id=&#8221;42&#8243; menu_style=&#8221;centered&#8221; active_link_color=&#8221;#3BB6D5&#8243; module_class=&#8221;lescategories-menu&#8221; _builder_version=&#8221;4.16&#8243; _module_preset=&#8221;default&#8221; menu_text_color=&#8221;#FFFFFF&#8221; background_enable_color=&#8221;off&#8221; custom_css_menu_link=&#8221;margin: 2px;||border: 1px solid #ffffff;||border-radius: 4px;||padding: 10px 10px 10px 10px;&#8221; custom_css_active_menu_link=&#8221;border:1px solid #3BB6D5;&#8221; global_colors_info=&#8221;{}&#8221; custom_css_menu_link_last_edited=&#8221;on|phone&#8221; custom_css_menu_link_phone=&#8221;margin: 1px;||border: 1px solid #ffffff;||border-radius: 4px;||padding: 10px 10px 10px 10px;&#8221; custom_css_menu_link_tablet=&#8221;margin: 2px;||border: 1px solid #ffffff;||border-radius: 4px;||padding: 10px 10px 10px 10px;&#8221;][\/et_pb_menu][\/et_pb_column][\/et_pb_row][\/et_pb_section][et_pb_section fb_built=&#8221;1&#8243; admin_label=&#8221;Blog&#8221; _builder_version=&#8221;4.16&#8243; background_enable_image=&#8221;off&#8221; custom_padding=&#8221;0px||0px||false|false&#8221; top_divider_height=&#8221;25vw&#8221; top_divider_flip=&#8221;horizontal&#8221; bottom_divider_color=&#8221;#f1fafe&#8221; bottom_divider_height=&#8221;27vw&#8221; bottom_divider_flip=&#8221;horizontal&#8221; global_colors_info=&#8221;{}&#8221;][et_pb_row custom_padding_last_edited=&#8221;on|phone&#8221; _builder_version=&#8221;4.16&#8243; background_color=&#8221;#ffffff&#8221; z_index=&#8221;1&#8243; custom_margin=&#8221;|||||&#8221; custom_padding=&#8221;60px|60px|60px|60px|true|true&#8221; custom_padding_tablet=&#8221;|40px||40px||true&#8221; custom_padding_phone=&#8221;|20px||20px||true&#8221; border_radii=&#8221;on|10px|10px|10px|10px&#8221; box_shadow_style=&#8221;preset1&#8243; box_shadow_vertical=&#8221;10px&#8221; box_shadow_blur=&#8221;60px&#8221; box_shadow_color=&#8221;rgba(10,45,97,0.1)&#8221; locked=&#8221;off&#8221; global_colors_info=&#8221;{}&#8221; custom_css_main_element_last_edited=&#8221;off|phone&#8221;][et_pb_column type=&#8221;4_4&#8243; _builder_version=&#8221;4.16&#8243; global_colors_info=&#8221;{}&#8221;][et_pb_blog fullwidth=&#8221;off&#8221; posts_number=&#8221;12&#8243; include_categories=&#8221;all&#8221; meta_date=&#8221;j\/m\/Y&#8221; use_manual_excerpt=&#8221;off&#8221; show_more=&#8221;on&#8221; show_author=&#8221;off&#8221; show_excerpt=&#8221;off&#8221; module_class=&#8221;et_blog_grid_equal_height&#8221; _builder_version=&#8221;4.16&#8243; header_level=&#8221;h4&#8243; header_font=&#8221;Overpass||||||||&#8221; header_line_height=&#8221;1.4em&#8221; body_font=&#8221;Overpass|300|||||||&#8221; body_line_height=&#8221;1.8em&#8221; meta_font=&#8221;Overpass||||||||&#8221; meta_text_color=&#8221;#3BB6D5&#8243; meta_line_height=&#8221;1.4em&#8221; read_more_font=&#8221;|600|||||||&#8221; read_more_text_color=&#8221;#3BB6D5&#8243; pagination_font=&#8221;Overpass||||||||&#8221; pagination_font_size=&#8221;14px&#8221; header_font_size_tablet=&#8221;&#8221; header_font_size_phone=&#8221;15px&#8221; header_font_size_last_edited=&#8221;on|desktop&#8221; border_color_all=&#8221;#ededed&#8221; global_colors_info=&#8221;{}&#8221; background__hover_enabled=&#8221;on|hover&#8221; background_color__hover=&#8221;RGBA(0,0,0,0)&#8221; background_enable_color__hover=&#8221;on&#8221;][\/et_pb_blog][\/et_pb_column][\/et_pb_row][\/et_pb_section]<\/p>\n","protected":false},"excerpt":{"rendered":"<p>Toute la veille num\u00e9rique !Toute la veille num\u00e9rique !<\/p>\n","protected":false},"author":3,"featured_media":0,"parent":0,"menu_order":0,"comment_status":"closed","ping_status":"closed","template":"","meta":{"_acf_changed":false,"_et_pb_use_builder":"on","_et_pb_old_content":"","_et_gb_content_width":"","inline_featured_image":false,"footnotes":""},"genre":[],"class_list":["post-43","page","type-page","status-publish","hentry"],"acf":[],"yoast_head":"<!-- This site is optimized with the Yoast SEO plugin v24.7 - https:\/\/yoast.com\/wordpress\/plugins\/seo\/ -->\n<title>ENI Blog - Conseils, astuces &amp; actualit\u00e9s sur le num\u00e9rique IT !<\/title>\n<meta name=\"description\" content=\"Articles d&#039;experts sur l\u2019actualit\u00e9 num\u00e9rique, les innovations technologiques, la cybers\u00e9curit\u00e9, l\u2019IA et les formations en informatique.\" \/>\n<meta name=\"robots\" content=\"index, follow, max-snippet:-1, max-image-preview:large, max-video-preview:-1\" \/>\n<link rel=\"canonical\" href=\"https:\/\/www.editions-eni.fr\/blog\/\" \/>\n<meta property=\"og:locale\" content=\"fr_FR\" \/>\n<meta property=\"og:type\" content=\"article\" \/>\n<meta property=\"og:title\" content=\"ENI Blog - Conseils, astuces &amp; actualit\u00e9s sur le num\u00e9rique IT !\" \/>\n<meta property=\"og:description\" content=\"Articles d&#039;experts sur l\u2019actualit\u00e9 num\u00e9rique, les innovations technologiques, la cybers\u00e9curit\u00e9, l\u2019IA et les formations en informatique.\" \/>\n<meta property=\"og:url\" content=\"https:\/\/www.editions-eni.fr\/blog\/\" \/>\n<meta property=\"og:site_name\" content=\"Eni Blog\" \/>\n<meta property=\"article:modified_time\" content=\"2026-03-26T13:06:06+00:00\" \/>\n<meta name=\"twitter:card\" content=\"summary_large_image\" \/>\n<meta name=\"twitter:label1\" content=\"Dur\u00e9e de lecture estim\u00e9e\" \/>\n\t<meta name=\"twitter:data1\" content=\"8 minutes\" \/>\n<script type=\"application\/ld+json\" class=\"yoast-schema-graph\">{\"@context\":\"https:\/\/schema.org\",\"@graph\":[{\"@type\":\"WebPage\",\"@id\":\"https:\/\/www.editions-eni.fr\/blog\/\",\"url\":\"https:\/\/www.editions-eni.fr\/blog\/\",\"name\":\"ENI Blog - Conseils, astuces & actualit\u00e9s sur le num\u00e9rique IT !\",\"isPartOf\":{\"@id\":\"https:\/\/www.editions-eni.fr\/blog\/#website\"},\"datePublished\":\"2021-05-04T09:00:06+00:00\",\"dateModified\":\"2026-03-26T13:06:06+00:00\",\"description\":\"Articles d'experts sur l\u2019actualit\u00e9 num\u00e9rique, les innovations technologiques, la cybers\u00e9curit\u00e9, l\u2019IA et les formations en informatique.\",\"breadcrumb\":{\"@id\":\"https:\/\/www.editions-eni.fr\/blog\/#breadcrumb\"},\"inLanguage\":\"fr-FR\",\"potentialAction\":[{\"@type\":\"ReadAction\",\"target\":[\"https:\/\/www.editions-eni.fr\/blog\/\"]}]},{\"@type\":\"BreadcrumbList\",\"@id\":\"https:\/\/www.editions-eni.fr\/blog\/#breadcrumb\",\"itemListElement\":[{\"@type\":\"ListItem\",\"position\":1,\"name\":\"Home\",\"item\":\"https:\/\/www.editions-eni.fr\/blog\/\"},{\"@type\":\"ListItem\",\"position\":2,\"name\":\"home\"}]},{\"@type\":\"WebSite\",\"@id\":\"https:\/\/www.editions-eni.fr\/blog\/#website\",\"url\":\"https:\/\/www.editions-eni.fr\/blog\/\",\"name\":\"Eni Blog\",\"description\":\"Blog des Editions ENI\",\"potentialAction\":[{\"@type\":\"SearchAction\",\"target\":{\"@type\":\"EntryPoint\",\"urlTemplate\":\"https:\/\/www.editions-eni.fr\/blog\/?s={search_term_string}\"},\"query-input\":{\"@type\":\"PropertyValueSpecification\",\"valueRequired\":true,\"valueName\":\"search_term_string\"}}],\"inLanguage\":\"fr-FR\"}]}<\/script>\n<!-- \/ Yoast SEO plugin. -->","yoast_head_json":{"title":"ENI Blog - Conseils, astuces & actualit\u00e9s sur le num\u00e9rique IT !","description":"Articles d'experts sur l\u2019actualit\u00e9 num\u00e9rique, les innovations technologiques, la cybers\u00e9curit\u00e9, l\u2019IA et les formations en informatique.","robots":{"index":"index","follow":"follow","max-snippet":"max-snippet:-1","max-image-preview":"max-image-preview:large","max-video-preview":"max-video-preview:-1"},"canonical":"https:\/\/www.editions-eni.fr\/blog\/","og_locale":"fr_FR","og_type":"article","og_title":"ENI Blog - Conseils, astuces & actualit\u00e9s sur le num\u00e9rique IT !","og_description":"Articles d'experts sur l\u2019actualit\u00e9 num\u00e9rique, les innovations technologiques, la cybers\u00e9curit\u00e9, l\u2019IA et les formations en informatique.","og_url":"https:\/\/www.editions-eni.fr\/blog\/","og_site_name":"Eni Blog","article_modified_time":"2026-03-26T13:06:06+00:00","twitter_card":"summary_large_image","twitter_misc":{"Dur\u00e9e de lecture estim\u00e9e":"8 minutes"},"schema":{"@context":"https:\/\/schema.org","@graph":[{"@type":"WebPage","@id":"https:\/\/www.editions-eni.fr\/blog\/","url":"https:\/\/www.editions-eni.fr\/blog\/","name":"ENI Blog - Conseils, astuces & actualit\u00e9s sur le num\u00e9rique IT !","isPartOf":{"@id":"https:\/\/www.editions-eni.fr\/blog\/#website"},"datePublished":"2021-05-04T09:00:06+00:00","dateModified":"2026-03-26T13:06:06+00:00","description":"Articles d'experts sur l\u2019actualit\u00e9 num\u00e9rique, les innovations technologiques, la cybers\u00e9curit\u00e9, l\u2019IA et les formations en informatique.","breadcrumb":{"@id":"https:\/\/www.editions-eni.fr\/blog\/#breadcrumb"},"inLanguage":"fr-FR","potentialAction":[{"@type":"ReadAction","target":["https:\/\/www.editions-eni.fr\/blog\/"]}]},{"@type":"BreadcrumbList","@id":"https:\/\/www.editions-eni.fr\/blog\/#breadcrumb","itemListElement":[{"@type":"ListItem","position":1,"name":"Home","item":"https:\/\/www.editions-eni.fr\/blog\/"},{"@type":"ListItem","position":2,"name":"home"}]},{"@type":"WebSite","@id":"https:\/\/www.editions-eni.fr\/blog\/#website","url":"https:\/\/www.editions-eni.fr\/blog\/","name":"Eni Blog","description":"Blog des Editions ENI","potentialAction":[{"@type":"SearchAction","target":{"@type":"EntryPoint","urlTemplate":"https:\/\/www.editions-eni.fr\/blog\/?s={search_term_string}"},"query-input":{"@type":"PropertyValueSpecification","valueRequired":true,"valueName":"search_term_string"}}],"inLanguage":"fr-FR"}]}},"_links":{"self":[{"href":"https:\/\/www.editions-eni.fr\/blog\/wp-json\/wp\/v2\/pages\/43","targetHints":{"allow":["GET"]}}],"collection":[{"href":"https:\/\/www.editions-eni.fr\/blog\/wp-json\/wp\/v2\/pages"}],"about":[{"href":"https:\/\/www.editions-eni.fr\/blog\/wp-json\/wp\/v2\/types\/page"}],"author":[{"embeddable":true,"href":"https:\/\/www.editions-eni.fr\/blog\/wp-json\/wp\/v2\/users\/3"}],"replies":[{"embeddable":true,"href":"https:\/\/www.editions-eni.fr\/blog\/wp-json\/wp\/v2\/comments?post=43"}],"version-history":[{"count":153,"href":"https:\/\/www.editions-eni.fr\/blog\/wp-json\/wp\/v2\/pages\/43\/revisions"}],"predecessor-version":[{"id":6658,"href":"https:\/\/www.editions-eni.fr\/blog\/wp-json\/wp\/v2\/pages\/43\/revisions\/6658"}],"wp:attachment":[{"href":"https:\/\/www.editions-eni.fr\/blog\/wp-json\/wp\/v2\/media?parent=43"}],"wp:term":[{"taxonomy":"genre","embeddable":true,"href":"https:\/\/www.editions-eni.fr\/blog\/wp-json\/wp\/v2\/genre?post=43"}],"curies":[{"name":"wp","href":"https:\/\/api.w.org\/{rel}","templated":true}]}}